{"id":2118,"date":"2024-02-01T13:23:35","date_gmt":"2024-02-01T12:23:35","guid":{"rendered":"https:\/\/quindesur.revolucionweb.es\/?page_id=2118"},"modified":"2024-07-05T10:54:59","modified_gmt":"2024-07-05T09:54:59","slug":"politica-de-cookies","status":"publish","type":"page","link":"https:\/\/quindesur.com\/pt\/politica-de-cookies\/","title":{"rendered":"Pol\u00edtica de cookies"},"content":{"rendered":"<div data-elementor-type=\"wp-page\" data-elementor-id=\"2118\" class=\"elementor elementor-2118\" data-elementor-post-type=\"page\">\n\t\t\t\t<div class=\"elementor-element elementor-element-a0c1f90 e-flex e-con-boxed wpr-particle-no wpr-jarallax-no wpr-parallax-no wpr-sticky-section-no wpr-equal-height-no e-con e-parent\" data-id=\"a0c1f90\" data-element_type=\"container\" data-e-type=\"container\" data-settings=\"{&quot;background_background&quot;:&quot;classic&quot;}\">\n\t\t\t\t\t<div class=\"e-con-inner\">\n\t\t\t\t<div class=\"elementor-element elementor-element-ad36a7d elementor-widget__width-initial elementor-widget elementor-widget-heading\" data-id=\"ad36a7d\" data-element_type=\"widget\" data-e-type=\"widget\" data-widget_type=\"heading.default\">\n\t\t\t\t<div class=\"elementor-widget-container\">\n\t\t\t\t\t<h2 class=\"elementor-heading-title elementor-size-default\">Pol\u00edtica de cookies\n<\/h2>\t\t\t\t<\/div>\n\t\t\t\t<\/div>\n\t\t\t\t\t<\/div>\n\t\t\t\t<\/div>\n\t\t<div class=\"elementor-element elementor-element-21cb954 e-con-full e-flex wpr-particle-no wpr-jarallax-no wpr-parallax-no wpr-sticky-section-no wpr-equal-height-no e-con e-parent\" data-id=\"21cb954\" data-element_type=\"container\" data-e-type=\"container\">\n\t\t\t\t<div class=\"elementor-element elementor-element-9914c13 elementor-widget__width-initial elementor-widget-widescreen__width-inherit elementor-widget-laptop__width-initial elementor-widget elementor-widget-text-editor\" data-id=\"9914c13\" data-element_type=\"widget\" data-e-type=\"widget\" data-widget_type=\"text-editor.default\">\n\t\t\t\t<div class=\"elementor-widget-container\">\n\t\t\t\t\t\t\t\t\t<p><b><i>DEFINICI\u00d3N DE COOKIES.<\/i><\/b><\/p><p><i><span style=\"font-weight: 400;\">Una cookie es un fichero que se descarga en su ordenador al acceder a determinadas p\u00e1ginas web. Las cookies permiten a una p\u00e1gina web, entre otras cosas, almacenar y recuperar informaci\u00f3n sobre los h\u00e1bitos de navegaci\u00f3n de un usuario o de su equipo y, dependiendo de la informaci\u00f3n que contengan y de la forma en que utilice su equipo, pueden utilizarse para reconocer al usuario.\u00a0<\/span><\/i><\/p><p><i><span style=\"font-weight: 400;\">La web de QUINDESUR, S.L. utiliza cookies propias y de terceros, todas en el dominio <\/span><\/i><b><i>\u201cquindesur.com\u201d<\/i><\/b><\/p><p><b><i>A.- TIPOS DE COOKIES.\u00a0<\/i><\/b><\/p><p><b><i>1.- Tipos de cookies, seg\u00fan la entidad que las gestione:<\/i><\/b><\/p><p><i><span style=\"font-weight: 400;\">a) Cookies Propias: <\/span><\/i><i><span style=\"font-weight: 400;\">son aquellas que se env\u00edan al equipo terminal del usuario desde un equipo o dominio gestionado por el propio editor y desde el que se presta el servicio solicitado por el usuario.<\/span><\/i><\/p><p><i><span style=\"font-weight: 400;\">b) Cookies de terceros:<\/span><\/i><i><span style=\"font-weight: 400;\"> Son aquellas que se env\u00edan al equipo terminal del usuario desde un equipo o dominio que no es gestionado por el editor, sino por otra entidad que trata los datos obtenidos a trav\u00e9s de las cookies.<\/span><\/i><\/p><p><b><i>2.- Tipos de cookies, seg\u00fan su finalidad:<\/i><\/b><\/p><p><i><span style=\"font-weight: 400;\">a) Cookies T\u00e9cnicas:<\/span><\/i><i><span style=\"font-weight: 400;\"> Son aquellas que permiten al usuario la navegaci\u00f3n a trav\u00e9s de la p\u00e1gina web, plataforma o aplicaci\u00f3n y la utilizaci\u00f3n de las diferentes opciones o servicios que en ella existen.<\/span><\/i><\/p><p><i><span style=\"font-weight: 400;\">b) Cookies de An\u00e1lisis:<\/span><\/i><i><span style=\"font-weight: 400;\"> Son aquellas que permiten al responsable de estas, el seguimiento y an\u00e1lisis del comportamiento de los usuarios de los sitios web a los que est\u00e1n vinculadas.<\/span><\/i><\/p><p><i><span style=\"font-weight: 400;\">c) Cookies de personalizaci\u00f3n:<\/span><\/i><i><span style=\"font-weight: 400;\"> Estas cookies almacenan informaci\u00f3n del comportamiento del usuario obtenida a trav\u00e9s del registro de sus h\u00e1bitos de navegaci\u00f3n, lo que permite desarrollar un perfil espec\u00edfico para ofrecer informaci\u00f3n comercial adaptada a sus gustos y preferencias. Almacenan informaci\u00f3n como el tipo de conexi\u00f3n, idioma, patrones de navegaci\u00f3n o ubicaci\u00f3n.<\/span><\/i><\/p><p><i><span style=\"font-weight: 400;\">d) Cookies de publicidad comportamental:<\/span><\/i><i><span style=\"font-weight: 400;\"> Son aquellas que almacenan informaci\u00f3n del comportamiento de los usuarios obtenida a trav\u00e9s de la observaci\u00f3n continuada de sus h\u00e1bitos de navegaci\u00f3n, lo que permite desarrollar un perfil espec\u00edfico para mostrar publicidad en funci\u00f3n de este.<\/span><\/i><\/p><p><b><i>3.-Tipos de cookies, seg\u00fan el plazo de tiempo de tiempo que permanecen activadas:<\/i><\/b><\/p><p><i><span style=\"font-weight: 400;\">a) Cookies de Sesi\u00f3n:<\/span><\/i><i><span style=\"font-weight: 400;\"> Son las dise\u00f1adas para recabar y almacenar datos mientras el usuario accede a una p\u00e1gina web. Se suelen emplear para la prestaci\u00f3n del servicio solicitado por el usuario en una sola ocasi\u00f3n.<\/span><\/i><\/p><p><i><span style=\"font-weight: 400;\">b) Cookies Persistentes:<\/span><\/i><i><span style=\"font-weight: 400;\"> Son las dise\u00f1adas para que los datos sigan almacenados en el terminal y pueden ser accedidos y tratados durante un periodo definido por el responsable de la cookie, y que puede ir de unos minutos a varios a\u00f1os.<\/span><\/i><\/p><p><b><i>COOKIES EMPLEADAS EN www.quindesur.com<\/i><\/b><\/p><h1 class=\"entry-title main_title\">\u00a0<\/h1><table><tbody><tr><td><p><b><i>NOMBRE COOKIE<\/i><\/b><\/p><\/td><td><p><b><i>TIPO DE COOKIE<\/i><\/b><\/p><\/td><td><p><b><i>CADUCIDAD<\/i><\/b><\/p><\/td><td><p><b><i>DESCRIPCION<\/i><\/b><\/p><\/td><\/tr><tr><td><p><i><span style=\"font-weight: 400;\">XXXXX<\/span><\/i><\/p><\/td><td><p><i><span style=\"font-weight: 400;\">XXXXXXXXX<\/span><\/i><\/p><\/td><td><p><i><span style=\"font-weight: 400;\">XXXX<\/span><\/i><\/p><\/td><td><p><i><span style=\"font-weight: 400;\">XXXX<\/span><\/i><\/p><\/td><\/tr><tr><td><p><i><span style=\"font-weight: 400;\">XXXXX<\/span><\/i><\/p><\/td><td><p><i><span style=\"font-weight: 400;\">XXXXXXXXX<\/span><\/i><\/p><\/td><td><p><i><span style=\"font-weight: 400;\">XXXX<\/span><\/i><\/p><\/td><td><p><i><span style=\"font-weight: 400;\">XXXX<\/span><\/i><\/p><\/td><\/tr><\/tbody><\/table><h1 class=\"entry-title main_title\">\u00a0<\/h1><h2><b><i>B- GESTI\u00d3N DE COOKIES.<\/i><\/b><\/h2><p><b><i>1.- \u00bfPor qu\u00e9 debo permitir las cookies?<\/i><\/b><\/p><p><i><span style=\"font-weight: 400;\">Al permitir las cookies, podr\u00e1s obtener una mejor experiencia en nuestro sitio web.<\/span><\/i><\/p><h1 class=\"entry-title main_title\">\u00a0<\/h1><p><i><span style=\"font-weight: 400;\">Adem\u00e1s, hay algunas acciones b\u00e1sicas que requieren cookies (t\u00e9cnicas) y que permiten que la p\u00e1gina web pueda desarrollar sus funcionalidades.\u00a0<\/span><\/i><\/p><h1 class=\"entry-title main_title\">\u00a0<\/h1><p><b><i>2.- \u00bfQu\u00e9 pasa si bloqueo las cookies?<\/i><\/b><\/p><p><i><span style=\"font-weight: 400;\">Si decides bloquear las cookies, puede impedir el correcto funcionamiento de algunas caracter\u00edsticas de la web. Esto restringir\u00e1 lo que puedes hacer en la misma.<\/span><\/i><\/p><h1 class=\"entry-title main_title\">\u00a0<\/h1><p><i><span style=\"font-weight: 400;\">Si aceptas estas limitaciones y decides bloquear las cookies, por favor sigue las instrucciones para tu navegador en la siguiente secci\u00f3n.<\/span><\/i><\/p><h1 class=\"entry-title main_title\">\u00a0<\/h1><p><b><i>3.- \u00bfC\u00f3mo puedo bloquear o permitir las cookies?<\/i><\/b><\/p><h1 class=\"entry-title main_title\">\u00a0<\/h1><p><i><span style=\"font-weight: 400;\">Usted puede permitir, conocer, bloquear o eliminar las cookies instaladas en su equipo mediante la configuraci\u00f3n de las opciones del navegador instalado en su ordenador.<\/span><\/i><\/p><h1 class=\"entry-title main_title\">\u00a0<\/h1><p><i><span style=\"font-weight: 400;\">Puede encontrar informaci\u00f3n sobre c\u00f3mo hacerlo en el caso que use como navegador:<\/span><\/i><\/p><h1 class=\"entry-title main_title\">\u00a0<\/h1><p><i><span style=\"font-weight: 400;\">Chrome, desde<\/span><\/i><\/p><p><a href=\"http:\/\/support.google.com\/chrome\/bin\/answer.py?hl=es&amp;answer=95647\" target=\"_blank\" rel=\"noopener\"><i><span style=\"font-weight: 400;\">http:\/\/support.google.com\/chrome\/bin\/answer.py?hl=es&amp;answer=95647<\/span><\/i><\/a><\/p><h1 class=\"entry-title main_title\">\u00a0<\/h1><p><i><span style=\"font-weight: 400;\">Explorer, desde\u00a0<\/span><\/i><\/p><p><a href=\"http:\/\/windows.microsoft.com\/es-es\/windows7\/how-to-manage-cookies-in-internet-explorer-9\" target=\"_blank\" rel=\"noopener\"><i><span style=\"font-weight: 400;\">http:\/\/windows.microsoft.com\/es-es\/windows7\/how-to-manage-cookies-in-internet-explorer-9<\/span><\/i><\/a><\/p><h1 class=\"entry-title main_title\">\u00a0<\/h1><p><i><span style=\"font-weight: 400;\">Firefox, desde\u00a0<\/span><\/i><\/p><p><a href=\"https:\/\/support.mozilla.org\/es\/kb\/habilitar-y-deshabilitar-cookies-sitios-web-rastrear-preferencias\" target=\"_blank\" rel=\"noopener\"><i><span style=\"font-weight: 400;\">https:\/\/support.mozilla.org\/es\/kb\/habilitar-y-deshabilitar-cookies-sitios-web-rastrear-preferencias<\/span><\/i><\/a><\/p><h1 class=\"entry-title main_title\">\u00a0<\/h1><p><i><span style=\"font-weight: 400;\">Safari, desde\u00a0<\/span><\/i><\/p><p><a href=\"http:\/\/support.apple.com\/kb\/ph5042\" target=\"_blank\" rel=\"noopener\"><i><span style=\"font-weight: 400;\">http:\/\/support.apple.com\/kb\/ph5042<\/span><\/i><\/a><\/p><h1 class=\"entry-title main_title\">\u00a0<\/h1><p><i><span style=\"font-weight: 400;\">Opera, desde<\/span><\/i><\/p><p><a href=\"http:\/\/www.opera.com\/help\/tutorials\/security\/privacy\/\" target=\"_blank\" rel=\"noopener\"><i><span style=\"font-weight: 400;\">http:\/\/www.opera.com\/help\/tutorials\/security\/privacy\/<\/span><\/i><\/a><\/p><h1 class=\"entry-title main_title\">\u00a0<\/h1><p><b><i>PRIVACIDAD Y TRATAMIENTO DE DATOS<\/i><\/b><\/p><p class=\"entry-title main_title\"><i><span style=\"font-weight: 400;\">La EMPRESA trata sus datos de car\u00e1cter personal seg\u00fan los establecido en el Reglamento (UE) 2016\/679 del Parlamento Europeo y del Consejo, de 27 de abril de 2016, relativo a la protecci\u00f3n de las personas f\u00edsicas en lo que respecta al tratamiento de datos personales y a la libre circulaci\u00f3n de estos datos y por el que se deroga la Directiva 95\/46\/CE (Reglamento general de protecci\u00f3n de datos) y la LO 3\/2018. La informaci\u00f3n sobre sus datos de car\u00e1cter personal, seg\u00fan el art\u00edculo 13 de la secci\u00f3n 2 del citado reglamento y la LO 3\/2018, puede consultarla en este <\/span><\/i><i><span style=\"font-weight: 400;\"><a href=\"https:\/\/quindesur.com\/pt\/politica-privacidad\/\">LINK<\/a><\/span><\/i><\/p>\t\t\t\t\t\t\t\t<\/div>\n\t\t\t\t<\/div>\n\t\t\t\t<\/div>\n\t\t<div class=\"elementor-element elementor-element-c2ae1f0 e-con-full elementor-hidden-widescreen elementor-hidden-desktop elementor-hidden-laptop elementor-hidden-tablet elementor-hidden-mobile e-flex wpr-particle-no wpr-jarallax-no wpr-parallax-no wpr-sticky-section-no wpr-equal-height-no e-con e-parent\" data-id=\"c2ae1f0\" data-element_type=\"container\" data-e-type=\"container\">\n\t\t\t\t<div class=\"elementor-element elementor-element-b854a53 elementor-widget__width-initial elementor-widget-widescreen__width-inherit elementor-widget-laptop__width-initial elementor-widget elementor-widget-text-editor\" data-id=\"b854a53\" data-element_type=\"widget\" data-e-type=\"widget\" data-widget_type=\"text-editor.default\">\n\t\t\t\t<div class=\"elementor-widget-container\">\n\t\t\t\t\t\t\t\t\t<h1 class=\"entry-title main_title\">Pol\u00edtica de cookies<\/h1><div class=\"entry-content\"><h1>\u00a0<\/h1><p>Una\u00a0<em>cookie<\/em>\u00a0es un peque\u00f1o fichero de texto que se almacena en su navegador cuando visita casi cualquier p\u00e1gina web. Su utilidad es que la web sea capaz de recordar su visita cuando vuelva a navegar por esa p\u00e1gina. Las\u00a0<em>cookies<\/em>\u00a0suelen almacenar informaci\u00f3n de car\u00e1cter t\u00e9cnico, preferencias personales, personalizaci\u00f3n de contenidos, estad\u00edsticas de uso, enlaces a redes sociales, acceso a cuentas de usuario, etc. El objetivo de la\u00a0<em>cookie<\/em>\u00a0es adaptar el contenido de la web a su perfil y necesidades, sin\u00a0<em>cookies<\/em>\u00a0los servicios ofrecidos por cualquier p\u00e1gina se ver\u00edan mermados notablemente. Si desea consultar m\u00e1s informaci\u00f3n sobre qu\u00e9 son las\u00a0<em>cookies<\/em>, qu\u00e9 almacenan, c\u00f3mo eliminarlas, desactivarlas, etc.,\u00a0<a href=\"https:\/\/quindesur.com\/pt\/mas-informacion-sobre-las-cookies\/\">le rogamos se dirija a este enlace.<\/a><\/p><h2>Cookies utilizadas en este sitio web<\/h2><p>Siguiendo las directrices de la Agencia Espa\u00f1ola de Protecci\u00f3n de Datos procedemos a detallar el uso de\u00a0<em>cookies<\/em>\u00a0que hace esta web con el fin de informarle con la m\u00e1xima exactitud posible.<\/p><p>Este sitio web utiliza las siguientes\u00a0<strong>cookies propias<\/strong>:<\/p><ul><li>Cookies de sesi\u00f3n, para garantizar que los usuarios que escriban comentarios en el blog sean humanos y no aplicaciones automatizadas. De esta forma se combate el\u00a0<em>spam<\/em>.<\/li><\/ul><p>Este sitio web utiliza las siguientes\u00a0<strong>cookies de terceros<\/strong>:<\/p><ul><li>Google Analytics: Almacena\u00a0<em>cookies<\/em>\u00a0para poder elaborar estad\u00edsticas sobre el tr\u00e1fico y volumen de visitas de esta web. Al utilizar este sitio web est\u00e1 consintiendo el tratamiento de informaci\u00f3n acerca de usted por Google. Por tanto, el ejercicio de cualquier derecho en este sentido deber\u00e1 hacerlo comunicando directamente con Google.<\/li><li>Redes sociales: Cada red social utiliza sus propias\u00a0<em>cookies<\/em>\u00a0para que usted pueda pinchar en botones del tipo\u00a0<em>Me gusta<\/em>\u00a0o\u00a0<em>Compartir<\/em>.<\/li><\/ul><h2>Desactivaci\u00f3n o eliminaci\u00f3n de cookies<\/h2><p>En cualquier momento podr\u00e1 ejercer su derecho de desactivaci\u00f3n o eliminaci\u00f3n de cookies de este sitio web. Estas acciones se realizan de forma diferente en funci\u00f3n del navegador que est\u00e9 usando.\u00a0<a href=\"https:\/\/quindesur.com\/pt\/mas-informacion-sobre-las-cookies\/#navegadores\">Aqu\u00ed le dejamos una gu\u00eda r\u00e1pida para los navegadores m\u00e1s populares<\/a>.<\/p><h2>Notas adicionales<\/h2><ul><li>Ni esta web ni sus representantes legales se hacen responsables ni del contenido ni de la veracidad de las pol\u00edticas de privacidad que puedan tener los terceros mencionados en esta pol\u00edtica de\u00a0<em>cookies<\/em>.<\/li><li>Los navegadores web son las herramientas encargadas de almacenar las\u00a0<em>cookies<\/em>\u00a0y desde este lugar debe efectuar su derecho a eliminaci\u00f3n o desactivaci\u00f3n de las mismas. Ni esta web ni sus representantes legales pueden garantizar la correcta o incorrecta manipulaci\u00f3n de las\u00a0<em>cookies<\/em>\u00a0por parte de los mencionados navegadores.<\/li><li>En algunos casos es necesario instalar\u00a0<em>cookies<\/em>\u00a0para que el navegador no olvide su decisi\u00f3n de no aceptaci\u00f3n de las mismas.<\/li><li>En el caso de las\u00a0<em>cookies<\/em>\u00a0de Google Analytics, esta empresa almacena las\u00a0<em>cookies<\/em>\u00a0en servidores ubicados en Estados Unidos y se compromete a no compartirla con terceros, excepto en los casos en los que sea necesario para el funcionamiento del sistema o cuando la ley obligue a tal efecto. Seg\u00fan Google no guarda su direcci\u00f3n IP. Google Inc. es una compa\u00f1\u00eda adherida al Acuerdo de Puerto Seguro que garantiza que todos los datos transferidos ser\u00e1n tratados con un nivel de protecci\u00f3n acorde a la normativa europea. Puede consultar informaci\u00f3n detallada a este respecto\u00a0<a href=\"http:\/\/safeharbor.export.gov\/companyinfo.aspx?id=16626\" target=\"_blank\" rel=\"noopener noreferrer\">en este enlace<\/a>. Si desea informaci\u00f3n sobre el uso que Google da a las cookies\u00a0<a href=\"https:\/\/developers.google.com\/analytics\/devguides\/collection\/analyticsjs\/cookie-usage?hl=es&amp;csw=1\" target=\"_blank\" rel=\"noopener noreferrer\">le adjuntamos este otro enlace<\/a>.<\/li><li>Para cualquier duda o consulta acerca de esta pol\u00edtica de\u00a0<em>cookies<\/em>\u00a0no dude en comunicarse con nosotros a trav\u00e9s de la secci\u00f3n de contacto.<\/li><\/ul><\/div>\t\t\t\t\t\t\t\t<\/div>\n\t\t\t\t<\/div>\n\t\t\t\t<\/div>\n\t\t\t\t<\/div>","protected":false},"excerpt":{"rendered":"<p>Pol\u00edtica de cookies DEFINICI\u00d3N DE COOKIES. Una cookie es un fichero que se descarga en su ordenador al acceder a determinadas p\u00e1ginas web. Las cookies permiten a una p\u00e1gina web, entre otras cosas, almacenar y recuperar informaci\u00f3n sobre los h\u00e1bitos de navegaci\u00f3n de un usuario o de su equipo y, dependiendo de la informaci\u00f3n que contengan y de la forma en que utilice su equipo, pueden utilizarse para reconocer al usuario.\u00a0 La web de QUINDESUR, S.L. utiliza cookies propias y de terceros, todas en el dominio \u201cquindesur.com\u201d A.- TIPOS DE COOKIES.\u00a0 1.- Tipos de cookies, seg\u00fan la entidad que las gestione: a) Cookies Propias: son aquellas que se env\u00edan al equipo terminal del usuario desde un equipo o dominio gestionado por el propio editor y desde el que se presta el servicio solicitado por el usuario. b) Cookies de terceros: Son aquellas que se env\u00edan al equipo terminal del usuario desde un equipo o dominio que no es gestionado por el editor, sino por otra entidad que trata los datos obtenidos a trav\u00e9s de las cookies. 2.- Tipos de cookies, seg\u00fan su finalidad: a) Cookies T\u00e9cnicas: Son aquellas que permiten al usuario la navegaci\u00f3n a trav\u00e9s de la p\u00e1gina web, plataforma o aplicaci\u00f3n y la utilizaci\u00f3n de las diferentes opciones o servicios que en ella existen. b) Cookies de An\u00e1lisis: Son aquellas que permiten al responsable de estas, el seguimiento y an\u00e1lisis del comportamiento de los usuarios de los sitios web a los que est\u00e1n vinculadas. c) Cookies de personalizaci\u00f3n: Estas cookies almacenan informaci\u00f3n del comportamiento del usuario obtenida a trav\u00e9s del registro de sus h\u00e1bitos de navegaci\u00f3n, lo que permite desarrollar un perfil espec\u00edfico para ofrecer informaci\u00f3n comercial adaptada a sus gustos y preferencias. Almacenan informaci\u00f3n como el tipo de conexi\u00f3n, idioma, patrones de navegaci\u00f3n o ubicaci\u00f3n. d) Cookies de publicidad comportamental: Son aquellas que almacenan informaci\u00f3n del comportamiento de los usuarios obtenida a trav\u00e9s de la observaci\u00f3n continuada de sus h\u00e1bitos de navegaci\u00f3n, lo que permite desarrollar un perfil espec\u00edfico para mostrar publicidad en funci\u00f3n de este. 3.-Tipos de cookies, seg\u00fan el plazo de tiempo de tiempo que permanecen activadas: a) Cookies de Sesi\u00f3n: Son las dise\u00f1adas para recabar y almacenar datos mientras el usuario accede a una p\u00e1gina web. Se suelen emplear para la prestaci\u00f3n del servicio solicitado por el usuario en una sola ocasi\u00f3n. b) Cookies Persistentes: Son las dise\u00f1adas para que los datos sigan almacenados en el terminal y pueden ser accedidos y tratados durante un periodo definido por el responsable de la cookie, y que puede ir de unos minutos a varios a\u00f1os. COOKIES EMPLEADAS EN www.quindesur.com \u00a0 NOMBRE COOKIE TIPO DE COOKIE CADUCIDAD DESCRIPCION XXXXX XXXXXXXXX XXXX XXXX XXXXX XXXXXXXXX XXXX XXXX \u00a0 B- GESTI\u00d3N DE COOKIES. 1.- \u00bfPor qu\u00e9 debo permitir las cookies? Al permitir las cookies, podr\u00e1s obtener una mejor experiencia en nuestro sitio web. \u00a0 Adem\u00e1s, hay algunas acciones b\u00e1sicas que requieren cookies (t\u00e9cnicas) y que permiten que la p\u00e1gina web pueda desarrollar sus funcionalidades.\u00a0 \u00a0 2.- \u00bfQu\u00e9 pasa si bloqueo las cookies? Si decides bloquear las cookies, puede impedir el correcto funcionamiento de algunas caracter\u00edsticas de la web. Esto restringir\u00e1 lo que puedes hacer en la misma. \u00a0 Si aceptas estas limitaciones y decides bloquear las cookies, por favor sigue las instrucciones para tu navegador en la siguiente secci\u00f3n. \u00a0 3.- \u00bfC\u00f3mo puedo bloquear o permitir las cookies? \u00a0 Usted puede permitir, conocer, bloquear o eliminar las cookies instaladas en su equipo mediante la configuraci\u00f3n de las opciones del navegador instalado en su ordenador. \u00a0 Puede encontrar informaci\u00f3n sobre c\u00f3mo hacerlo en el caso que use como navegador: \u00a0 Chrome, desde http:\/\/support.google.com\/chrome\/bin\/answer.py?hl=es&amp;answer=95647 \u00a0 Explorer, desde\u00a0 http:\/\/windows.microsoft.com\/es-es\/windows7\/how-to-manage-cookies-in-internet-explorer-9 \u00a0 Firefox, desde\u00a0 https:\/\/support.mozilla.org\/es\/kb\/habilitar-y-deshabilitar-cookies-sitios-web-rastrear-preferencias \u00a0 Safari, desde\u00a0 http:\/\/support.apple.com\/kb\/ph5042 \u00a0 Opera, desde http:\/\/www.opera.com\/help\/tutorials\/security\/privacy\/ \u00a0 PRIVACIDAD Y TRATAMIENTO DE DATOS La EMPRESA trata sus datos de car\u00e1cter personal seg\u00fan los establecido en el Reglamento (UE) 2016\/679 del Parlamento Europeo y del Consejo, de 27 de abril de 2016, relativo a la protecci\u00f3n de las personas f\u00edsicas en lo que respecta al tratamiento de datos personales y a la libre circulaci\u00f3n de estos datos y por el que se deroga la Directiva 95\/46\/CE (Reglamento general de protecci\u00f3n de datos) y la LO 3\/2018. La informaci\u00f3n sobre sus datos de car\u00e1cter personal, seg\u00fan el art\u00edculo 13 de la secci\u00f3n 2 del citado reglamento y la LO 3\/2018, puede consultarla en este LINK Pol\u00edtica de cookies \u00a0 Una\u00a0cookie\u00a0es un peque\u00f1o fichero de texto que se almacena en su navegador cuando visita casi cualquier p\u00e1gina web. Su utilidad es que la web sea capaz de recordar su visita cuando vuelva a navegar por esa p\u00e1gina. Las\u00a0cookies\u00a0suelen almacenar informaci\u00f3n de car\u00e1cter t\u00e9cnico, preferencias personales, personalizaci\u00f3n de contenidos, estad\u00edsticas de uso, enlaces a redes sociales, acceso a cuentas de usuario, etc. El objetivo de la\u00a0cookie\u00a0es adaptar el contenido de la web a su perfil y necesidades, sin\u00a0cookies\u00a0los servicios ofrecidos por cualquier p\u00e1gina se ver\u00edan mermados notablemente. Si desea consultar m\u00e1s informaci\u00f3n sobre qu\u00e9 son las\u00a0cookies, qu\u00e9 almacenan, c\u00f3mo eliminarlas, desactivarlas, etc.,\u00a0le rogamos se dirija a este enlace. Cookies utilizadas en este sitio web Siguiendo las directrices de la Agencia Espa\u00f1ola de Protecci\u00f3n de Datos procedemos a detallar el uso de\u00a0cookies\u00a0que hace esta web con el fin de informarle con la m\u00e1xima exactitud posible. Este sitio web utiliza las siguientes\u00a0cookies propias: Cookies de sesi\u00f3n, para garantizar que los usuarios que escriban comentarios en el blog sean humanos y no aplicaciones automatizadas. De esta forma se combate el\u00a0spam. Este sitio web utiliza las siguientes\u00a0cookies de terceros: Google Analytics: Almacena\u00a0cookies\u00a0para poder elaborar estad\u00edsticas sobre el tr\u00e1fico y volumen de visitas de esta web. Al utilizar este sitio web est\u00e1 consintiendo el tratamiento de informaci\u00f3n acerca de usted por Google. Por tanto, el ejercicio de cualquier derecho en este sentido deber\u00e1 hacerlo comunicando directamente con Google. Redes sociales: Cada red social utiliza sus propias\u00a0cookies\u00a0para que usted pueda pinchar en botones del tipo\u00a0Me gusta\u00a0o\u00a0Compartir. Desactivaci\u00f3n o eliminaci\u00f3n de cookies En cualquier momento podr\u00e1 ejercer su derecho de desactivaci\u00f3n o eliminaci\u00f3n de cookies de este sitio<\/p>","protected":false},"author":2,"featured_media":0,"parent":0,"menu_order":0,"comment_status":"closed","ping_status":"closed","template":"","meta":{"_joinchat":[],"footnotes":""},"class_list":["post-2118","page","type-page","status-publish","hentry"],"_links":{"self":[{"href":"https:\/\/quindesur.com\/pt\/wp-json\/wp\/v2\/pages\/2118","targetHints":{"allow":["GET"]}}],"collection":[{"href":"https:\/\/quindesur.com\/pt\/wp-json\/wp\/v2\/pages"}],"about":[{"href":"https:\/\/quindesur.com\/pt\/wp-json\/wp\/v2\/types\/page"}],"author":[{"embeddable":true,"href":"https:\/\/quindesur.com\/pt\/wp-json\/wp\/v2\/users\/2"}],"replies":[{"embeddable":true,"href":"https:\/\/quindesur.com\/pt\/wp-json\/wp\/v2\/comments?post=2118"}],"version-history":[{"count":0,"href":"https:\/\/quindesur.com\/pt\/wp-json\/wp\/v2\/pages\/2118\/revisions"}],"wp:attachment":[{"href":"https:\/\/quindesur.com\/pt\/wp-json\/wp\/v2\/media?parent=2118"}],"curies":[{"name":"wp","href":"https:\/\/api.w.org\/{rel}","templated":true}]}}